{"id":53,"date":"2023-11-27T13:06:57","date_gmt":"2023-11-27T12:06:57","guid":{"rendered":"https:\/\/localhost\/?page_id=53"},"modified":"2024-05-23T15:27:53","modified_gmt":"2024-05-23T13:27:53","slug":"kontakt","status":"publish","type":"page","link":"https:\/\/privatar.de\/en\/kontakt\/","title":{"rendered":"Contact"},"content":{"rendered":"<div style=\"height:32px\" aria-hidden=\"true\" class=\"wp-block-spacer\"><\/div>\n\n\n\n<div class=\"wp-block-group is-layout-constrained wp-block-group-is-layout-constrained\">\n<h2 class=\"wp-block-heading\">Imprint<\/h2>\n\n\n\n<div class=\"wp-block-columns is-layout-flex wp-container-core-columns-is-layout-28f84493 wp-block-columns-is-layout-flex\">\n<div class=\"wp-block-column has-border-color has-raft-accent-border-color has-raft-bg-alt-background-color has-background is-layout-flow wp-block-column-is-layout-flow\" style=\"border-width:2px;padding-top:24px;padding-right:24px;padding-bottom:24px;padding-left:24px;flex-basis:475px\">\n<p><strong>Prof. Dr. Delphine Reinhardt<\/strong><br>Georg-August-Universit\u00e4t G\u00f6ttingen<br>Institute of Computer Science<br>Computer Security and Privacy<br>Goldschmidtstr. 7<br>37073 G\u00f6ttingen<\/p>\n\n\n\n<p><strong>Phone:<\/strong> 0551 39 26046<br><strong>Email:<\/strong> <a href=\"mailto:cspoffice[at].informatik.uni-goettingen.de\">cspoffice[at]informatik.uni-goettingen.de<\/a><\/p>\n<\/div>\n<\/div>\n\n\n\n<p>Georg-August-Universit\u00e4t G\u00f6ttingen (the University of G\u00f6ttingen) is a public law corporation. It is legally represented by its President Prof. Dr. Metin Tolan.<\/p>\n\n\n\n<h5 class=\"wp-block-heading\">Responsible organisation:<\/h5>\n\n\n\n<p>Georg-August-Universit\u00e4t G\u00f6ttingen Stiftung \u00d6ffentlichen Rechts (University of G\u00f6ttingen Public Law Foundation), Stiftungsausschuss Universit\u00e4t (University Foundation Committee) (\u00a7\u00a7 59 Abs. 2, 60 Abs. 2 Satz 2 Nr. 7, 60 a Abs. 1 Lower Saxony Higher Education Act (NHG), Wilhelmsplatz 1, 37073 G\u00f6ttingen, Germany<\/p>\n\n\n\n<p><strong>VAT identification number<\/strong> according to Section 27a of the German Value-Added Tax Act (UStG): DE 286 005 408<\/p>\n\n\n\n<p>The use of design elements from this website requires explicit permission.<\/p>\n\n\n\n<h5 class=\"wp-block-heading\">Disclaimer<\/h5>\n\n\n\n<p>Whilst the content of this website has been compiled the utmost care, G\u00f6ttingen University shall not be held liable for the accuracy, completeness, currency or quality of the content posted.<\/p>\n\n\n\n<p>The University hereby disclaims any liability for any damage or consequences that may arise through direct or indirect use of the website content. Visitors of this website use it at their own risk.<\/p>\n\n\n\n<p>G\u00f6ttingen University reserves the right at its sole discretion to modify, alter or otherwise update or delete parts of its web pages or terminate publication thereof temporarily or permanently at any time without further notice.<\/p>\n\n\n\n<p>Despite careful control, the University shall not be held liable for content of the external links. The proprietors of the linked pages are solely responsible and liable for their content.<\/p>\n<\/div>\n\n\n\n<div style=\"height:32px\" aria-hidden=\"true\" class=\"wp-block-spacer\"><\/div>","protected":false},"excerpt":{"rendered":"<p>Impressum Frau Prof. Dr. Delphine ReinhardtGeorg-August-Universit\u00e4t G\u00f6ttingenInstitut f\u00fcr InformatikComputersicherheit und PrivatheitGoldschmidtstr. 737073 G\u00f6ttingen Telefon: 0551 39 26046Email: cspoffice[at]informatik.uni-goettingen.de Die Georg-August-Universit\u00e4t G\u00f6ttingen ist eine K\u00f6rperschaft des \u00f6ffentlichen Rechts. Sie wird durch den Pr\u00e4sidenten Prof. Dr. Metin Tolan gesetzlich vertreten. Zust\u00e4ndige Aufsichtsbeh\u00f6rde: Georg-August-Universit\u00e4t G\u00f6ttingen Stiftung \u00d6ffentlichen Rechts, Stiftungsausschuss Universit\u00e4t (\u00a7\u00a7 59 Abs. 2, 60 Abs. 2 Satz [&hellip;]<\/p>","protected":false},"author":1,"featured_media":0,"parent":0,"menu_order":0,"comment_status":"closed","ping_status":"closed","template":"","meta":{"_themeisle_gutenberg_block_has_review":false,"footnotes":""},"class_list":["post-53","page","type-page","status-publish","hentry"],"_links":{"self":[{"href":"https:\/\/privatar.de\/en\/wp-json\/wp\/v2\/pages\/53","targetHints":{"allow":["GET"]}}],"collection":[{"href":"https:\/\/privatar.de\/en\/wp-json\/wp\/v2\/pages"}],"about":[{"href":"https:\/\/privatar.de\/en\/wp-json\/wp\/v2\/types\/page"}],"author":[{"embeddable":true,"href":"https:\/\/privatar.de\/en\/wp-json\/wp\/v2\/users\/1"}],"replies":[{"embeddable":true,"href":"https:\/\/privatar.de\/en\/wp-json\/wp\/v2\/comments?post=53"}],"version-history":[{"count":4,"href":"https:\/\/privatar.de\/en\/wp-json\/wp\/v2\/pages\/53\/revisions"}],"predecessor-version":[{"id":1076,"href":"https:\/\/privatar.de\/en\/wp-json\/wp\/v2\/pages\/53\/revisions\/1076"}],"wp:attachment":[{"href":"https:\/\/privatar.de\/en\/wp-json\/wp\/v2\/media?parent=53"}],"curies":[{"name":"wp","href":"https:\/\/api.w.org\/{rel}","templated":true}]}}