{"id":57,"date":"2023-11-27T13:07:48","date_gmt":"2023-11-27T12:07:48","guid":{"rendered":"https:\/\/localhost\/?page_id=57"},"modified":"2023-12-11T14:23:36","modified_gmt":"2023-12-11T13:23:36","slug":"datenschutz","status":"publish","type":"page","link":"https:\/\/privatar.de\/en\/datenschutz\/","title":{"rendered":"Privacy"},"content":{"rendered":"<div style=\"height:32px\" aria-hidden=\"true\" class=\"wp-block-spacer\"><\/div>\n\n\n\n<div class=\"wp-block-group is-layout-constrained wp-block-group-is-layout-constrained\">\n<h3 class=\"wp-block-heading\">Article 1 - Information on the Collection of Personal Data<\/h3>\n\n\n\n<p>(1) In the following, we will provide information regarding the personal data that is collected when using our website. \u201cPersonal Data\u201d is defined as any information which refers to you personally, such as name, address, email addresses or user behaviour.<\/p>\n\n\n\n<p>Georg-August-Universit\u00e4t Stiftung \u00f6ffentlichen Rechts (without UMG)<br>represented by the president<br>Wilhelmsplatz 1<br>37073 G\u00f6ttingen<\/p>\n\n\n\n<p>Data processing site<br>Institute of Computer Science<br>Department Computersicherheit und Privatheit<\/p>\n\n\n\n<p>Responsible Data Protection Officer<br>Prof. Dr. Andreas Wiebe, LL.M. (Virginia)<br>Platz der G\u00f6ttinger Sieben 6<br>37073 G\u00f6ttingen<br>Phone: 0551 39-27381<br>Contact: <a href=\"https:\/\/www.uni-goettingen.de\/en\/664223.html\">via this form<\/a><\/p>\n\n\n\n<p>(3) When contacting us via email or a contact form, we will use the personal data (your email address, in some cases your name and phone number as well) that you provide to us in order to answer your questions. We delete case-related data when storage is no longer necessary and restrict processing given statutory storage obligations.<\/p>\n\n\n\n<h3 class=\"wp-block-heading\">Article 2 - Your Rights<\/h3>\n\n\n\n<p>(1) You have the following rights regarding our use of your personal data:<\/p>\n\n\n\n<p><strong>Right of access<\/strong> by the data subject (article 15 GDPR): You have the right to know whether personal data concerning you is being processed by us. If this is the case, you have the right to receive further information about the processing and a copy of your personal data processed by us.<\/p>\n\n\n\n<p><strong>Right to rectification<\/strong> (article 16 GDPR): If we process incorrect personal data concerning you, you have the right to have us correct that data. If we process incomplete data, you have the right to request completion of that data.<\/p>\n\n\n\n<p><strong>Right to erasure<\/strong> (\u201eright to be forgotten\u201c) (article 17 GDPR): If the legal requirements are met, you have the right to request immediate deletion of the your personal data.<\/p>\n\n\n\n<p><strong>Right to restriction of processing<\/strong> (article 18 GDPR): In accordance with article 18 GDPR, you have the right to request the restriction of processing your personal data.<\/p>\n\n\n\n<p><strong>Right to data portability<\/strong> portability (article 20 GDPR): You have the right to obtain personal data concerning you that you have provided us for processing. Additionaly, you have the right to have us transfer this data to another controller.<\/p>\n\n\n\n<p><strong>Right to lodge a complaint with a supervisory authority<\/strong> (article 77 GDPR): You have the right to lodge a complaint with the responsible supervisory authority, e.g.:<\/p>\n\n\n\n<p>Die Nieders\u00e4chsische Beauftragte f\u00fcr Datenschutz und Informationsfreiheit<br>Prinzenstra\u00dfe 5<br>30159 Hannover<br>Phone: 0511-120 4500<br>Telefax: 0511-120 4599<\/p>\n\n\n\n<h3 class=\"wp-block-heading\">Article 3 - Collection of Personal Data when Using our Website<\/h3>\n\n\n\n<p>(1) When using the website for informational purposes only, i.e., if you do not register or otherwise provide us with information, we collect only that personal data which your browser transmits to our server. If you wish to view our website, we collect the following data to the extent that it is technically necessary for us in order to display our website to you as well as ensure its stability and security.<\/p>\n\n\n\n<ul class=\"wp-block-list\">\n<li>IP address<\/li>\n\n\n\n<li>Date and time of request<\/li>\n\n\n\n<li>Time zone difference to Greenwich Mean Time (GMT)<\/li>\n\n\n\n<li>Content of request (specific page)<\/li>\n\n\n\n<li>Access status\/HTTP- status code<\/li>\n\n\n\n<li>Data volume transmitted in each case<\/li>\n\n\n\n<li>The website the request has come from<\/li>\n\n\n\n<li>Browser<\/li>\n\n\n\n<li>Operating system and its interface<\/li>\n\n\n\n<li>Language and browser software version<\/li>\n<\/ul>\n\n\n\n<h3 class=\"wp-block-heading\">Article 4 - Legal bases<\/h3>\n\n\n\n<p>The above-mentioned automatic data collection, about your browser and the circumstances of your visit to our website, is based on our legitimate interest in the security and functionality of the website in accordance with Article 6 paragraph 1 Subparagraph 1 lit. f) GDPR.<\/p>\n\n\n\n<h3 class=\"wp-block-heading\">Article 5 - Updating the privacy policy<\/h3>\n\n\n\n<p>In view of the rapid technological change, data protection can of course never be considered complete, which is why we reserve the right to adapt this privacy policy from time to time in accordance with the current state of technology or legal requirements. This privacy policy is dated 24.11.2023.<\/p>\n<\/div>\n\n\n\n<div style=\"height:32px\" aria-hidden=\"true\" class=\"wp-block-spacer\"><\/div>","protected":false},"excerpt":{"rendered":"<p>\u00a7 1 Information \u00fcber die Erhebung personenbezogener Daten (1) Im Folgenden informieren wir \u00fcber die Erhebung personenbezogener Daten bei Nutzung unserer Website. Personenbezogene Daten sind alle Daten, die auf Sie pers\u00f6nlich beziehbar sind, z. B. Name, Adresse, E-Mail-Adressen, Nutzerverhalten. Georg-August-Universit\u00e4t Stiftung \u00f6ffentlichen Rechts (ohne UMG)vertreten durch den Pr\u00e4sidentenWilhelmsplatz 137073 G\u00f6ttingen Konkrete Daten verarbeitende StelleInstitut f\u00fcr [&hellip;]<\/p>","protected":false},"author":1,"featured_media":0,"parent":0,"menu_order":0,"comment_status":"closed","ping_status":"closed","template":"","meta":{"_themeisle_gutenberg_block_has_review":false,"footnotes":""},"class_list":["post-57","page","type-page","status-publish","hentry"],"_links":{"self":[{"href":"https:\/\/privatar.de\/en\/wp-json\/wp\/v2\/pages\/57","targetHints":{"allow":["GET"]}}],"collection":[{"href":"https:\/\/privatar.de\/en\/wp-json\/wp\/v2\/pages"}],"about":[{"href":"https:\/\/privatar.de\/en\/wp-json\/wp\/v2\/types\/page"}],"author":[{"embeddable":true,"href":"https:\/\/privatar.de\/en\/wp-json\/wp\/v2\/users\/1"}],"replies":[{"embeddable":true,"href":"https:\/\/privatar.de\/en\/wp-json\/wp\/v2\/comments?post=57"}],"version-history":[{"count":0,"href":"https:\/\/privatar.de\/en\/wp-json\/wp\/v2\/pages\/57\/revisions"}],"wp:attachment":[{"href":"https:\/\/privatar.de\/en\/wp-json\/wp\/v2\/media?parent=57"}],"curies":[{"name":"wp","href":"https:\/\/api.w.org\/{rel}","templated":true}]}}