{"id":8,"date":"2023-11-17T17:14:00","date_gmt":"2023-11-17T16:14:00","guid":{"rendered":"https:\/\/localhost\/?page_id=8"},"modified":"2026-03-11T15:26:16","modified_gmt":"2026-03-11T14:26:16","slug":"das-projekt","status":"publish","type":"page","link":"https:\/\/privatar.de\/en\/","title":{"rendered":"The Project"},"content":{"rendered":"<div style=\"height:32px\" aria-hidden=\"true\" class=\"wp-block-spacer\"><\/div>\n\n\n\n<div class=\"wp-block-group is-layout-constrained wp-block-group-is-layout-constrained\">\n<h3 class=\"wp-block-heading\">Motivation<\/h3>\n\n\n\n<p>To promote the integration of acutely and chronically ill schoolchildren, the use of mobile robots as avatars in schools offers a promising approach. Through the possibility of interactions and information gathering using sensors, robots offer many advantages but can also compromise privacy on various levels. This includes the privacy of present classmates and teachers as well as that of the sick child at home. Therefore, the acceptance of robot use strongly depends on the timely clarification of these privacy-related issues.<\/p>\n\n\n\n<h3 class=\"wp-block-heading\">Goals and Approach<\/h3>\n\n\n\n<p>The project \"Privacy-friendly mobile avatar for sick schoolchildren\" (PRIVATAR) aims to provide user-friendly solutions to protect the privacy of affected groups such as schoolchildren, teachers, and parents when using mobile robots. To this end, researchers are developing novel technical interaction solutions that initially inform users about the collection of their personal data. Building on this, users can better control their privacy through settings according to their individual preferences. The focus is on simple handling for users to manage various dimensions of privacy. Simultaneously, the project will explore how the functionality of the robots can be maintained with less data, for example, by reducing the number of sensors used. Specifically, the project aims to develop and evaluate requirements for data-efficient, robot-mediated participation of sick children in school life.<\/p>\n\n\n\n<h3 class=\"wp-block-heading\">Innovations and Perspectives<\/h3>\n\n\n\n<p>The project initiators address a very sensitive area by exploring the possibilities of telepresence for sick children in the school context. The endeavor is socially relevant and simultaneously complex due to its sociotechnical interaction constellation. Within the project, various and sometimes conflicting privacy requirements are considered to ensure sovereign information control for all participants. By aiming to design robots and their interactions to be data-efficient, the project results possess an expanded market potential that goes significantly beyond school-related applications. Therefore, the project can make an essential contribution to the future development of data-efficient robots for various application areas.<\/p>\n\n\n\n<p>To strengthen the privacy of every individual as well as our democratic society as a whole, we need research and innovation in IT security. Digital technologies offer many possibilities for control and surveillance, thereby posing a potential threat to our informational self-determination. IT security can enable people to have control, self-determination, and sovereignty over their data.<\/p>\n\n\n\n<p>Mit der Plattform Privatheit beabsichtigt das BMFTR, durch Digitalisierung getriebene, aktuelle gesellschaftliche Fragestellungen zu analysieren und zu verstehen, um \u2013 insbesondere im Hinblick auf die Privatheit und sichere Datennutzung \u2013 alternative Entwicklungsans\u00e4tze aufzuzeigen, die europ\u00e4ische Werte und die Grundrechte der B\u00fcrgerinnen und B\u00fcrger wahren.<\/p>\n<\/div>\n\n\n\n<div style=\"height:20px\" aria-hidden=\"true\" class=\"wp-block-spacer\"><\/div>\n\n\n\n<hr class=\"wp-block-separator has-alpha-channel-opacity\"\/>\n\n\n\n<div id=\"wp-block-themeisle-blocks-advanced-columns-3a632c5b\" class=\"wp-block-themeisle-blocks-advanced-columns alignfull has-4-columns has-desktop-equal-layout has-tablet-equal-layout has-mobile-collapsedRows-layout has-vertical-center ticss-c00aadba\"><div class=\"wp-block-themeisle-blocks-advanced-columns-overlay\"><\/div><div class=\"innerblocks-wrap\">\n<div id=\"wp-block-themeisle-blocks-advanced-column-7ca824fc\" class=\"wp-block-themeisle-blocks-advanced-column\">\n<div class=\"wp-block-group is-layout-flow wp-block-group-is-layout-flow\">\n<div id=\"wp-block-themeisle-blocks-font-awesome-icons-b054855b\" class=\"wp-block-themeisle-blocks-font-awesome-icons\"><span class=\"wp-block-themeisle-blocks-font-awesome-icons-container nan-padding\"><i class=\"fas fa-play\"><\/i><\/span><\/div>\n\n\n\n<h3 id=\"wp-block-themeisle-blocks-advanced-heading-bb84b8a8\" class=\"wp-block-themeisle-blocks-advanced-heading wp-block-themeisle-blocks-advanced-heading-bb84b8a8\">Start<\/h3>\n\n\n\n<p class=\"has-text-align-center\">01.10.2023<\/p>\n\n\n\n<div class=\"wp-block-group is-layout-flow wp-block-group-is-layout-flow\">\n<div id=\"wp-block-themeisle-blocks-font-awesome-icons-28fdd56c\" class=\"wp-block-themeisle-blocks-font-awesome-icons\"><span class=\"wp-block-themeisle-blocks-font-awesome-icons-container nan-padding\"><i class=\"fas fa-stop\"><\/i><\/span><\/div>\n\n\n\n<h3 id=\"wp-block-themeisle-blocks-advanced-heading-29da5aa9\" class=\"wp-block-themeisle-blocks-advanced-heading wp-block-themeisle-blocks-advanced-heading-29da5aa9\">End<\/h3>\n\n\n\n<p class=\"has-text-align-center\">30.09.2026<\/p>\n<\/div>\n<\/div>\n<\/div>\n\n\n\n<div id=\"wp-block-themeisle-blocks-advanced-column-1a6a4a66\" class=\"wp-block-themeisle-blocks-advanced-column\">\n<div class=\"wp-block-group is-layout-flow wp-block-group-is-layout-flow\">\n<div id=\"wp-block-themeisle-blocks-font-awesome-icons-4af01ae9\" class=\"wp-block-themeisle-blocks-font-awesome-icons\"><span class=\"wp-block-themeisle-blocks-font-awesome-icons-container nan-padding\"><i class=\"fas fa-money-bill\"><\/i><\/span><\/div>\n\n\n\n<h3 id=\"wp-block-themeisle-blocks-advanced-heading-4ded88e0\" class=\"wp-block-themeisle-blocks-advanced-heading wp-block-themeisle-blocks-advanced-heading-4ded88e0\">Total Funding<\/h3>\n\n\n\n<p class=\"has-text-align-center\">1,62 Mio. \u20ac (davon 96 % F\u00f6rderanteil durch BMFTR)<\/p>\n<\/div>\n<\/div>\n\n\n\n<div id=\"wp-block-themeisle-blocks-advanced-column-1afaade9\" class=\"wp-block-themeisle-blocks-advanced-column\">\n<figure class=\"wp-block-image size-full\"><img loading=\"lazy\" decoding=\"async\" width=\"850\" height=\"567\" src=\"https:\/\/privatar.de\/wp-content\/uploads\/2025\/05\/bmbf_color_en.jpg\" alt=\"\" class=\"wp-image-443\" srcset=\"https:\/\/privatar.de\/wp-content\/uploads\/2025\/05\/bmbf_color_en.jpg 850w, https:\/\/privatar.de\/wp-content\/uploads\/2025\/05\/bmbf_color_en-300x200.jpg 300w, https:\/\/privatar.de\/wp-content\/uploads\/2025\/05\/bmbf_color_en-768x512.jpg 768w, https:\/\/privatar.de\/wp-content\/uploads\/2025\/05\/bmbf_color_en-18x12.jpg 18w\" sizes=\"auto, (max-width: 850px) 100vw, 850px\" \/><\/figure>\n<\/div>\n\n\n\n<div id=\"wp-block-themeisle-blocks-advanced-column-a732a1d3\" class=\"wp-block-themeisle-blocks-advanced-column\">\n<figure class=\"wp-block-image size-full\"><a href=\"https:\/\/www.plattform-privatheit.de\"><img loading=\"lazy\" decoding=\"async\" width=\"2000\" height=\"799\" src=\"https:\/\/privatar.de\/wp-content\/uploads\/2024\/03\/PP_Logo_RZ_CMXK_trans.png\" alt=\"\" class=\"wp-image-966\" srcset=\"https:\/\/privatar.de\/wp-content\/uploads\/2024\/03\/PP_Logo_RZ_CMXK_trans.png 2000w, https:\/\/privatar.de\/wp-content\/uploads\/2024\/03\/PP_Logo_RZ_CMXK_trans-300x120.png 300w, https:\/\/privatar.de\/wp-content\/uploads\/2024\/03\/PP_Logo_RZ_CMXK_trans-1024x409.png 1024w, https:\/\/privatar.de\/wp-content\/uploads\/2024\/03\/PP_Logo_RZ_CMXK_trans-768x307.png 768w, https:\/\/privatar.de\/wp-content\/uploads\/2024\/03\/PP_Logo_RZ_CMXK_trans-1536x614.png 1536w\" sizes=\"auto, (max-width: 2000px) 100vw, 2000px\" \/><\/a><\/figure>\n<\/div>\n<\/div><\/div>\n\n\n\n<hr class=\"wp-block-separator has-alpha-channel-opacity\"\/>\n\n\n\n<div style=\"height:32px\" aria-hidden=\"true\" class=\"wp-block-spacer\"><\/div>\n\n\n\n<div class=\"wp-block-group is-layout-constrained wp-block-group-is-layout-constrained\">\n<h3 class=\"wp-block-heading\">Coordination<\/h3>\n\n\n\n<div id=\"wp-block-themeisle-blocks-advanced-columns-5a30746b\" class=\"wp-block-themeisle-blocks-advanced-columns has-3-columns has-desktop-equal-layout has-tablet-equal-layout has-mobile-collapsedRows-layout has-vertical-unset\"><div class=\"wp-block-themeisle-blocks-advanced-columns-overlay\"><\/div><div class=\"innerblocks-wrap\">\n<div id=\"wp-block-themeisle-blocks-advanced-column-86190108\" class=\"wp-block-themeisle-blocks-advanced-column\">\n<figure class=\"wp-block-image size-large\"><a href=\"https:\/\/www.uni-goettingen.de\/de\/579476.html\"><img loading=\"lazy\" decoding=\"async\" width=\"1024\" height=\"183\" src=\"https:\/\/privatar.de\/wp-content\/uploads\/2023\/12\/Uni_Goettingen-1024x183.png\" alt=\"\" class=\"wp-image-440\" srcset=\"https:\/\/privatar.de\/wp-content\/uploads\/2023\/12\/Uni_Goettingen-1024x183.png 1024w, https:\/\/privatar.de\/wp-content\/uploads\/2023\/12\/Uni_Goettingen-300x54.png 300w, https:\/\/privatar.de\/wp-content\/uploads\/2023\/12\/Uni_Goettingen-768x137.png 768w, https:\/\/privatar.de\/wp-content\/uploads\/2023\/12\/Uni_Goettingen-1536x274.png 1536w, https:\/\/privatar.de\/wp-content\/uploads\/2023\/12\/Uni_Goettingen-2048x365.png 2048w\" sizes=\"auto, (max-width: 1024px) 100vw, 1024px\" \/><\/a><\/figure>\n<\/div>\n\n\n\n<div id=\"wp-block-themeisle-blocks-advanced-column-1d8b95ff\" class=\"wp-block-themeisle-blocks-advanced-column\"><\/div>\n\n\n\n<div id=\"wp-block-themeisle-blocks-advanced-column-7c4f539a\" class=\"wp-block-themeisle-blocks-advanced-column\"><\/div>\n<\/div><\/div>\n\n\n\n<h3 class=\"wp-block-heading\">Partner<\/h3>\n\n\n\n<div id=\"wp-block-themeisle-blocks-advanced-columns-fe8f7973\" class=\"wp-block-themeisle-blocks-advanced-columns has-3-columns has-desktop-equal-layout has-tablet-equal-layout has-mobile-collapsedRows-layout has-vertical-center\"><div class=\"wp-block-themeisle-blocks-advanced-columns-overlay\"><\/div><div class=\"innerblocks-wrap\">\n<div id=\"wp-block-themeisle-blocks-advanced-column-2fbc4175\" class=\"wp-block-themeisle-blocks-advanced-column\">\n<figure class=\"wp-block-image size-large\"><a href=\"https:\/\/www.uni-due.de\/interaktivesysteme\/\"><img loading=\"lazy\" decoding=\"async\" width=\"1024\" height=\"396\" src=\"https:\/\/privatar.de\/wp-content\/uploads\/2023\/12\/UDE-1024x396.jpg\" alt=\"\" class=\"wp-image-438\" srcset=\"https:\/\/privatar.de\/wp-content\/uploads\/2023\/12\/UDE-1024x396.jpg 1024w, https:\/\/privatar.de\/wp-content\/uploads\/2023\/12\/UDE-300x116.jpg 300w, https:\/\/privatar.de\/wp-content\/uploads\/2023\/12\/UDE-768x297.jpg 768w, https:\/\/privatar.de\/wp-content\/uploads\/2023\/12\/UDE-1536x594.jpg 1536w, https:\/\/privatar.de\/wp-content\/uploads\/2023\/12\/UDE-2048x792.jpg 2048w\" sizes=\"auto, (max-width: 1024px) 100vw, 1024px\" \/><\/a><\/figure>\n<\/div>\n\n\n\n<div id=\"wp-block-themeisle-blocks-advanced-column-559102b9\" class=\"wp-block-themeisle-blocks-advanced-column\">\n<figure class=\"wp-block-image size-large\"><a href=\"https:\/\/www.hrl.uni-bonn.de\/\"><img loading=\"lazy\" decoding=\"async\" width=\"1024\" height=\"396\" src=\"https:\/\/privatar.de\/wp-content\/uploads\/2023\/12\/UNI_Bonn-1024x396.jpg\" alt=\"\" class=\"wp-image-439\" srcset=\"https:\/\/privatar.de\/wp-content\/uploads\/2023\/12\/UNI_Bonn-1024x396.jpg 1024w, https:\/\/privatar.de\/wp-content\/uploads\/2023\/12\/UNI_Bonn-300x116.jpg 300w, https:\/\/privatar.de\/wp-content\/uploads\/2023\/12\/UNI_Bonn-768x297.jpg 768w, https:\/\/privatar.de\/wp-content\/uploads\/2023\/12\/UNI_Bonn-1536x594.jpg 1536w, https:\/\/privatar.de\/wp-content\/uploads\/2023\/12\/UNI_Bonn-2048x791.jpg 2048w\" sizes=\"auto, (max-width: 1024px) 100vw, 1024px\" \/><\/a><\/figure>\n<\/div>\n\n\n\n<div id=\"wp-block-themeisle-blocks-advanced-column-974c8be8\" class=\"wp-block-themeisle-blocks-advanced-column\">\n<div style=\"height:32px\" aria-hidden=\"true\" class=\"wp-block-spacer\"><\/div>\n\n\n\n<figure class=\"wp-block-image aligncenter size-full is-resized\"><a href=\"https:\/\/chilli-mind.com\/\"><img loading=\"lazy\" decoding=\"async\" width=\"219\" height=\"61\" src=\"https:\/\/privatar.de\/wp-content\/uploads\/2023\/12\/chili-mind.png\" alt=\"\" class=\"wp-image-442\" style=\"width:275px\"\/><\/a><\/figure>\n\n\n\n<div style=\"height:32px\" aria-hidden=\"true\" class=\"wp-block-spacer\"><\/div>\n<\/div>\n<\/div><\/div>\n\n\n\n<h3 class=\"wp-block-heading\">Contact person<\/h3>\n\n\n\n<div id=\"wp-block-themeisle-blocks-advanced-columns-68fec4db\" class=\"wp-block-themeisle-blocks-advanced-columns has-4-columns has-desktop-equal-layout has-tablet-equal-layout has-mobile-collapsedRows-layout has-vertical-unset\"><div class=\"wp-block-themeisle-blocks-advanced-columns-overlay\"><\/div><div class=\"innerblocks-wrap\">\n<div id=\"wp-block-themeisle-blocks-advanced-column-af8e1a05\" class=\"wp-block-themeisle-blocks-advanced-column\">\n<figure class=\"wp-block-image aligncenter size-full is-resized is-style-rounded\"><a href=\"https:\/\/www.uni-goettingen.de\/de\/581924.html\"><img loading=\"lazy\" decoding=\"async\" width=\"325\" height=\"325\" src=\"https:\/\/privatar.de\/wp-content\/uploads\/2024\/02\/reinhardt_small-edited-4.png\" alt=\"\" class=\"wp-image-815\" style=\"aspect-ratio:1;object-fit:cover;width:150px\" srcset=\"https:\/\/privatar.de\/wp-content\/uploads\/2024\/02\/reinhardt_small-edited-4.png 325w, https:\/\/privatar.de\/wp-content\/uploads\/2024\/02\/reinhardt_small-edited-4-300x300.png 300w, https:\/\/privatar.de\/wp-content\/uploads\/2024\/02\/reinhardt_small-edited-4-150x150.png 150w\" sizes=\"auto, (max-width: 325px) 100vw, 325px\" \/><\/a><\/figure>\n\n\n\n<h5 class=\"wp-block-heading has-text-align-center\" style=\"margin-top:12px;margin-bottom:12px\"><a href=\"https:\/\/www.uni-goettingen.de\/de\/581924.html\">Prof. Dr.-Ing.<br>Delphine Reinhardt<\/a><\/h5>\n<\/div>\n\n\n\n<div id=\"wp-block-themeisle-blocks-advanced-column-9e0256e6\" class=\"wp-block-themeisle-blocks-advanced-column\">\n<figure class=\"wp-block-image aligncenter size-large is-resized is-style-rounded\"><a href=\"https:\/\/www.uni-goettingen.de\/en\/611412.html\"><img loading=\"lazy\" decoding=\"async\" width=\"1024\" height=\"1024\" src=\"https:\/\/privatar.de\/wp-content\/uploads\/2023\/12\/Luca-Hernandez-Acosta-edited-1024x1024.jpg\" alt=\"\" class=\"wp-image-667\" style=\"aspect-ratio:1;object-fit:cover;width:150px\" srcset=\"https:\/\/privatar.de\/wp-content\/uploads\/2023\/12\/Luca-Hernandez-Acosta-edited-1024x1024.jpg 1024w, https:\/\/privatar.de\/wp-content\/uploads\/2023\/12\/Luca-Hernandez-Acosta-edited-300x300.jpg 300w, https:\/\/privatar.de\/wp-content\/uploads\/2023\/12\/Luca-Hernandez-Acosta-edited-150x150.jpg 150w, https:\/\/privatar.de\/wp-content\/uploads\/2023\/12\/Luca-Hernandez-Acosta-edited-768x768.jpg 768w, https:\/\/privatar.de\/wp-content\/uploads\/2023\/12\/Luca-Hernandez-Acosta-edited-1536x1536.jpg 1536w, https:\/\/privatar.de\/wp-content\/uploads\/2023\/12\/Luca-Hernandez-Acosta-edited.jpg 1757w\" sizes=\"auto, (max-width: 1024px) 100vw, 1024px\" \/><\/a><\/figure>\n\n\n\n<h5 class=\"wp-block-heading has-text-align-center\" style=\"margin-top:12px;margin-bottom:12px\"><a href=\"https:\/\/www.uni-goettingen.de\/en\/611412.html\">Dr. Luca Hern\u00e1ndez Acosta<\/a><\/h5>\n<\/div>\n\n\n\n<div id=\"wp-block-themeisle-blocks-advanced-column-b5f9c3f9\" class=\"wp-block-themeisle-blocks-advanced-column\"><\/div>\n\n\n\n<div id=\"wp-block-themeisle-blocks-advanced-column-eccff310\" class=\"wp-block-themeisle-blocks-advanced-column\"><\/div>\n<\/div><\/div>\n<\/div>\n\n\n\n<div style=\"height:32px\" aria-hidden=\"true\" class=\"wp-block-spacer\"><\/div>\n\n\n\n<p><\/p>","protected":false},"excerpt":{"rendered":"<p>Motivation Um die Integration von akut und chronisch kranken Schulkindern zu f\u00f6rdern, bietet der Einsatz von mobilen Robotern als Avatare an der Schule einen vielversprechenden Ansatz. Durch die M\u00f6glichkeit von Interaktionen und die Informationsaufnahme mittels Sensoren bieten Roboter viele Vorteile, k\u00f6nnen aber ebenso die Privatheit auf verschiedenen Ebenen gef\u00e4hrden. Sei es die Privatheit der anwesenden [&hellip;]<\/p>","protected":false},"author":1,"featured_media":0,"parent":0,"menu_order":0,"comment_status":"closed","ping_status":"closed","template":"","meta":{"_themeisle_gutenberg_block_has_review":false,"footnotes":""},"class_list":["post-8","page","type-page","status-publish","hentry"],"_links":{"self":[{"href":"https:\/\/privatar.de\/en\/wp-json\/wp\/v2\/pages\/8","targetHints":{"allow":["GET"]}}],"collection":[{"href":"https:\/\/privatar.de\/en\/wp-json\/wp\/v2\/pages"}],"about":[{"href":"https:\/\/privatar.de\/en\/wp-json\/wp\/v2\/types\/page"}],"author":[{"embeddable":true,"href":"https:\/\/privatar.de\/en\/wp-json\/wp\/v2\/users\/1"}],"replies":[{"embeddable":true,"href":"https:\/\/privatar.de\/en\/wp-json\/wp\/v2\/comments?post=8"}],"version-history":[{"count":7,"href":"https:\/\/privatar.de\/en\/wp-json\/wp\/v2\/pages\/8\/revisions"}],"predecessor-version":[{"id":1400,"href":"https:\/\/privatar.de\/en\/wp-json\/wp\/v2\/pages\/8\/revisions\/1400"}],"wp:attachment":[{"href":"https:\/\/privatar.de\/en\/wp-json\/wp\/v2\/media?parent=8"}],"curies":[{"name":"wp","href":"https:\/\/api.w.org\/{rel}","templated":true}]}}